{"id":3,"date":"2025-05-28T13:28:50","date_gmt":"2025-05-28T13:28:50","guid":{"rendered":"http:\/\/anchorshotel.com\/?page_id=3"},"modified":"2025-06-23T18:53:43","modified_gmt":"2025-06-23T22:53:43","slug":"privacy-policy","status":"publish","type":"page","link":"https:\/\/anchorshotel.com\/en\/privacy-policy\/","title":{"rendered":"Cancellation and Property Policies"},"content":{"rendered":"<p><strong>POLITICA DE CANCELACION:<br><br><\/strong>1.&nbsp; &nbsp; &nbsp; USTED RESERV\u00d3 POR MEDIO DE UNA AGENCIA DE VIAJE:&nbsp;Si usted desea modificar o cancelar la reservaci\u00f3n que usted realiz\u00f3 por medio de una agencia de viaje tal como Booking.com, Expedia.com, Hotels.com, etc. favor de ponerse en contacto con ellos al tel\u00e9fono de Servicio al cliente que le hayan proporcionado al momento de hacer su reservaci\u00f3n.&nbsp; Las pol\u00edticas de cancelaci\u00f3n depender\u00e1n del tipo de reserva que realiz\u00f3 y ellos le proveer\u00e1n la ayuda que necesitan.<\/p>\n\n\n\n<p>2.\u00a0 \u00a0 \u00a0 USTED RESERV\u00d3 DIRECTAMENTE CON ANCHORS HOTEL:Si usted desea modificar o cancelar su reservaci\u00f3n comun\u00edquese inmediatamente con uno de nuestros agentes de reservas, ya sea v\u00eda telef\u00f3nica o por correo electr\u00f3nico. Le sugerimos consultar la secci\u00f3n correspondiente a Pol\u00edticas de Cancelaci\u00f3n de Anchors Hotel antes de ponerse en contacto con nosotros.\u00a0\u00a0\u00a0\u00a0\u00a0<br><br><strong>3.\u00a0\u00a0\u00a0\u00a0\u00a0\u00a0A CONTINUACI\u00d3N, SE DESCRIBEN NUESTRAS POL\u00cdTICAS GENERALES DE CANCELACI\u00d3N:<br><\/strong><\/p>\n\n\n\n<p>     a.&nbsp;&nbsp;&nbsp;&nbsp;&nbsp;&nbsp;&nbsp;En el caso de reservas No Reembolsables, el monto total de la reserva ser\u00e1 debitado autom\u00e1ticamente al momento de confirmar la reserva. No se permiten cambios\/ modificaci\u00f3n de las fechas o cancelaciones.<\/p>\n\n\n\n<p>    b.&nbsp;&nbsp;&nbsp;&nbsp;&nbsp;&nbsp;&nbsp;Las reservaciones flexibles canceladas por lo menos 5 d\u00edas antes de la fecha de llegada de la reservaci\u00f3n estar\u00e1n exentas de cargos siempre y cuando el pago haya sido realizado. Todo reembolso se realizar\u00e1 v\u00eda dep\u00f3sito a la tarjeta bancaria utilizada para hacer el pago. Sin embargo, el cliente tambi\u00e9n tiene la opci\u00f3n de modificar la fecha de su reservaci\u00f3n SIN SUFRIR PENALIZACIONES siempre y cuando, se comunique con nosotros v\u00eda telef\u00f3nica o por correo electr\u00f3nico PORLO MENOS SEIS DIAS ANTES DE LA FECHA EN LA QUE ESTABA ORIGINALMENTE PROGRAMADA SU RESERVACI\u00d3N para que podamos hacer los cambios pertinentes. Toda cancelaci\u00f3n o modificaci\u00f3n deber\u00e1 estar confirmada por el hotel v\u00eda electr\u00f3nica para que esta se considere v\u00e1lida. *Cambios en el precio de la habitaci\u00f3n pueden variar.&nbsp; **Aplican restricciones. ***Sujeto a disponibilidad.&nbsp;<\/p>\n\n\n\n<p>     c.&nbsp;&nbsp;&nbsp;&nbsp;&nbsp;&nbsp;&nbsp;Las reservaciones canceladas despu\u00e9s de los 5 d\u00edas previos a la fecha de llegada desu reservaci\u00f3n se har\u00e1n acreedoras a una penalidad equivalente al 100% delimporte total de la reserva.&nbsp;&nbsp;<\/p>\n\n\n\n<p>     d.&nbsp; &nbsp; &nbsp; &nbsp;Todas las reservaciones que NO HAYAN SIDO CANCELADAS CON ANTICIPACI\u00d3N (NO SHOWS) se har\u00e1n acreedoras a un cargo equivalente al 100% del costo total de la reservaci\u00f3n, SIN DERECHO A MODIFICAR LA FECHA ENSU RESERVACI\u00d3N.&nbsp;<\/p>\n\n\n\n<p>     e.&nbsp;&nbsp;&nbsp;&nbsp;&nbsp;&nbsp;&nbsp;El costo de la reservaci\u00f3n no es trasferible a otras personas. La persona que hace la reservaci\u00f3n debe presentarse durante el \u201ccheck-in\u201d para poder tener acceso a su reservaci\u00f3n.&nbsp;&nbsp;Notas importantes:Todas las modificaciones relacionadas con cambio de fechas, tipo de habitaci\u00f3n o n\u00famero de habitaciones deber\u00e1n solicitarse con anticipaci\u00f3n, reconociendo que se le adjudicar\u00e1 las pol\u00edtica sde cancelaci\u00f3n que aplique.La nueva fecha de reservaci\u00f3n no deber\u00e1 exceder los 3 meses posteriores a la fecha originalmente reservada y no podr\u00e1 modificarse m\u00e1s de una ocasi\u00f3n.Todo cambio estar\u00e1 sujeto a disponibilidad.Verifique con nuestros agentes si hay habitaciones disponibles para la fecha que a usted le interesa y si el costo de la habitaci\u00f3n cambia.No aplica en temporada alta, d\u00edas festivos yfines de semana.<\/p>\n\n\n\n<p><strong>Notas importantes:<br><\/strong><br>Todas las modificaciones relacionadas con cambio de fechas, tipo de habitaci\u00f3n o n\u00famero de habitaciones deber\u00e1n solicitarse con anticipaci\u00f3n, reconociendo que se le adjudicar\u00e1 las pol\u00edticas de cancelaci\u00f3n que aplique.<br>La nueva fecha de reservaci\u00f3n no deber\u00e1 exceder los 3 meses posteriores a la fecha originalmente reservada y no podr\u00e1 modificarse m\u00e1s de una ocasi\u00f3n.<br>Todo cambio estar\u00e1 sujeto a disponibilidad. Verifique con nuestros agentes si hay habitaciones disponibles para la fecha que a usted le interesa y si el costo de la habitaci\u00f3n cambia.<\/p>\n\n\n\n<p>No aplica en temporada alta, d\u00edas festivos y fines de semana.<\/p>","protected":false},"excerpt":{"rendered":"<p>POLITICA DE CANCELACION: 1.&nbsp; &nbsp; &nbsp; USTED RESERV\u00d3 POR MEDIO DE UNA AGENCIA DE VIAJE:&nbsp;Si usted desea modificar o cancelar la reservaci\u00f3n que usted realiz\u00f3 por medio de una agencia de viaje tal como Booking.com, Expedia.com, Hotels.com, etc. favor de ponerse en contacto con ellos al tel\u00e9fono de Servicio al cliente que le hayan proporcionado [&hellip;]<\/p>\n","protected":false},"author":1,"featured_media":0,"parent":0,"menu_order":0,"comment_status":"closed","ping_status":"closed","template":"","meta":{"footnotes":""},"class_list":["post-3","page","type-page","status-publish","hentry"],"yoast_head":"<!-- This site is optimized with the Yoast SEO Premium plugin v22.9 (Yoast SEO v27.4) - https:\/\/yoast.com\/product\/yoast-seo-premium-wordpress\/ -->\n<title>Pol\u00edticas de Cancelaci\u00f3n y sobre la Propiedad - Anchors Hotel<\/title>\n<meta name=\"robots\" content=\"index, follow, max-snippet:-1, max-image-preview:large, max-video-preview:-1\" \/>\n<link rel=\"canonical\" href=\"https:\/\/anchorshotel.com\/en\/privacy-policy\/\" \/>\n<meta property=\"og:locale\" content=\"en_US\" \/>\n<meta property=\"og:type\" content=\"article\" \/>\n<meta property=\"og:title\" content=\"Pol\u00edticas de Cancelaci\u00f3n y sobre la Propiedad\" \/>\n<meta property=\"og:description\" content=\"POLITICA DE CANCELACION: 1.&nbsp; &nbsp; &nbsp; USTED RESERV\u00d3 POR MEDIO DE UNA AGENCIA DE VIAJE:&nbsp;Si usted desea modificar o cancelar la reservaci\u00f3n que usted realiz\u00f3 por medio de una agencia de viaje tal como Booking.com, Expedia.com, Hotels.com, etc. favor de ponerse en contacto con ellos al tel\u00e9fono de Servicio al cliente que le hayan proporcionado [&hellip;]\" \/>\n<meta property=\"og:url\" content=\"https:\/\/anchorshotel.com\/en\/privacy-policy\/\" \/>\n<meta property=\"og:site_name\" content=\"Anchors Hotel\" \/>\n<meta property=\"article:publisher\" content=\"https:\/\/www.facebook.com\/people\/Puerto-Chico-Bay-Hotel\/61575048971484\/\" \/>\n<meta property=\"article:modified_time\" content=\"2025-06-23T22:53:43+00:00\" \/>\n<meta property=\"og:image\" content=\"https:\/\/anchorshotel.com\/wp-content\/uploads\/2015\/09\/LOGO-ANCHORS-HOTEL.jpeg\" \/>\n\t<meta property=\"og:image:width\" content=\"1024\" \/>\n\t<meta property=\"og:image:height\" content=\"1024\" \/>\n\t<meta property=\"og:image:type\" content=\"image\/jpeg\" \/>\n<meta name=\"twitter:card\" content=\"summary_large_image\" \/>\n<meta name=\"twitter:label1\" content=\"Est. reading time\" \/>\n\t<meta name=\"twitter:data1\" content=\"3 minutes\" \/>\n<script type=\"application\/ld+json\" class=\"yoast-schema-graph\">{\"@context\":\"https:\\\/\\\/schema.org\",\"@graph\":[{\"@type\":\"WebPage\",\"@id\":\"https:\\\/\\\/anchorshotel.com\\\/privacy-policy\\\/\",\"url\":\"https:\\\/\\\/anchorshotel.com\\\/privacy-policy\\\/\",\"name\":\"Pol\u00edticas de Cancelaci\u00f3n y sobre la Propiedad - Anchors Hotel\",\"isPartOf\":{\"@id\":\"https:\\\/\\\/anchorshotel.com\\\/#website\"},\"datePublished\":\"2025-05-28T13:28:50+00:00\",\"dateModified\":\"2025-06-23T22:53:43+00:00\",\"breadcrumb\":{\"@id\":\"https:\\\/\\\/anchorshotel.com\\\/privacy-policy\\\/#breadcrumb\"},\"inLanguage\":\"en-US\",\"potentialAction\":[{\"@type\":\"ReadAction\",\"target\":[\"https:\\\/\\\/anchorshotel.com\\\/privacy-policy\\\/\"]}]},{\"@type\":\"BreadcrumbList\",\"@id\":\"https:\\\/\\\/anchorshotel.com\\\/privacy-policy\\\/#breadcrumb\",\"itemListElement\":[{\"@type\":\"ListItem\",\"position\":1,\"name\":\"Portada\",\"item\":\"https:\\\/\\\/anchorshotel.com\\\/\"},{\"@type\":\"ListItem\",\"position\":2,\"name\":\"Pol\u00edticas de Cancelaci\u00f3n y sobre la Propiedad\"}]},{\"@type\":\"WebSite\",\"@id\":\"https:\\\/\\\/anchorshotel.com\\\/#website\",\"url\":\"https:\\\/\\\/anchorshotel.com\\\/\",\"name\":\"Anchors Hotel\",\"description\":\"Hotel boutique ofrece un ambiente moderno y relajante, con habitaciones cuidadosamente dise\u00f1adas que destacan por su ropa de cama blanca, espacios luminosos y televisores de pantalla plana para tu entretenimiento.\",\"publisher\":{\"@id\":\"https:\\\/\\\/anchorshotel.com\\\/#organization\"},\"potentialAction\":[{\"@type\":\"SearchAction\",\"target\":{\"@type\":\"EntryPoint\",\"urlTemplate\":\"https:\\\/\\\/anchorshotel.com\\\/?s={search_term_string}\"},\"query-input\":{\"@type\":\"PropertyValueSpecification\",\"valueRequired\":true,\"valueName\":\"search_term_string\"}}],\"inLanguage\":\"en-US\"},{\"@type\":\"Organization\",\"@id\":\"https:\\\/\\\/anchorshotel.com\\\/#organization\",\"name\":\"Anchors Hotel\",\"url\":\"https:\\\/\\\/anchorshotel.com\\\/\",\"logo\":{\"@type\":\"ImageObject\",\"inLanguage\":\"en-US\",\"@id\":\"https:\\\/\\\/anchorshotel.com\\\/#\\\/schema\\\/logo\\\/image\\\/\",\"url\":\"https:\\\/\\\/anchorshotel.com\\\/wp-content\\\/uploads\\\/2015\\\/09\\\/cropped-LOGO-ANCHORS-HOTEL.jpeg\",\"contentUrl\":\"https:\\\/\\\/anchorshotel.com\\\/wp-content\\\/uploads\\\/2015\\\/09\\\/cropped-LOGO-ANCHORS-HOTEL.jpeg\",\"width\":512,\"height\":512,\"caption\":\"Anchors Hotel\"},\"image\":{\"@id\":\"https:\\\/\\\/anchorshotel.com\\\/#\\\/schema\\\/logo\\\/image\\\/\"},\"sameAs\":[\"https:\\\/\\\/www.facebook.com\\\/people\\\/Puerto-Chico-Bay-Hotel\\\/61575048971484\\\/\"],\"description\":\"Hotel boutique ofrece un ambiente moderno y relajante, con habitaciones cuidadosamente dise\u00f1adas que destacan por su ropa de cama blanca, espacios luminosos y televisores de pantalla plana para tu entretenimiento.\",\"email\":\"pcbhotel@gmail.com\",\"telephone\":\"(787) 900-7510\"}]}<\/script>\n<!-- \/ Yoast SEO Premium plugin. -->","yoast_head_json":{"title":"Pol\u00edticas de Cancelaci\u00f3n y sobre la Propiedad - Anchors Hotel","robots":{"index":"index","follow":"follow","max-snippet":"max-snippet:-1","max-image-preview":"max-image-preview:large","max-video-preview":"max-video-preview:-1"},"canonical":"https:\/\/anchorshotel.com\/en\/privacy-policy\/","og_locale":"en_US","og_type":"article","og_title":"Pol\u00edticas de Cancelaci\u00f3n y sobre la Propiedad","og_description":"POLITICA DE CANCELACION: 1.&nbsp; &nbsp; &nbsp; USTED RESERV\u00d3 POR MEDIO DE UNA AGENCIA DE VIAJE:&nbsp;Si usted desea modificar o cancelar la reservaci\u00f3n que usted realiz\u00f3 por medio de una agencia de viaje tal como Booking.com, Expedia.com, Hotels.com, etc. favor de ponerse en contacto con ellos al tel\u00e9fono de Servicio al cliente que le hayan proporcionado [&hellip;]","og_url":"https:\/\/anchorshotel.com\/en\/privacy-policy\/","og_site_name":"Anchors Hotel","article_publisher":"https:\/\/www.facebook.com\/people\/Puerto-Chico-Bay-Hotel\/61575048971484\/","article_modified_time":"2025-06-23T22:53:43+00:00","og_image":[{"width":1024,"height":1024,"url":"https:\/\/anchorshotel.com\/wp-content\/uploads\/2015\/09\/LOGO-ANCHORS-HOTEL.jpeg","type":"image\/jpeg"}],"twitter_card":"summary_large_image","twitter_misc":{"Est. reading time":"3 minutes"},"schema":{"@context":"https:\/\/schema.org","@graph":[{"@type":"WebPage","@id":"https:\/\/anchorshotel.com\/privacy-policy\/","url":"https:\/\/anchorshotel.com\/privacy-policy\/","name":"Pol\u00edticas de Cancelaci\u00f3n y sobre la Propiedad - Anchors Hotel","isPartOf":{"@id":"https:\/\/anchorshotel.com\/#website"},"datePublished":"2025-05-28T13:28:50+00:00","dateModified":"2025-06-23T22:53:43+00:00","breadcrumb":{"@id":"https:\/\/anchorshotel.com\/privacy-policy\/#breadcrumb"},"inLanguage":"en-US","potentialAction":[{"@type":"ReadAction","target":["https:\/\/anchorshotel.com\/privacy-policy\/"]}]},{"@type":"BreadcrumbList","@id":"https:\/\/anchorshotel.com\/privacy-policy\/#breadcrumb","itemListElement":[{"@type":"ListItem","position":1,"name":"Portada","item":"https:\/\/anchorshotel.com\/"},{"@type":"ListItem","position":2,"name":"Pol\u00edticas de Cancelaci\u00f3n y sobre la Propiedad"}]},{"@type":"WebSite","@id":"https:\/\/anchorshotel.com\/#website","url":"https:\/\/anchorshotel.com\/","name":"Anchors Hotel","description":"Hotel boutique ofrece un ambiente moderno y relajante, con habitaciones cuidadosamente dise\u00f1adas que destacan por su ropa de cama blanca, espacios luminosos y televisores de pantalla plana para tu entretenimiento.","publisher":{"@id":"https:\/\/anchorshotel.com\/#organization"},"potentialAction":[{"@type":"SearchAction","target":{"@type":"EntryPoint","urlTemplate":"https:\/\/anchorshotel.com\/?s={search_term_string}"},"query-input":{"@type":"PropertyValueSpecification","valueRequired":true,"valueName":"search_term_string"}}],"inLanguage":"en-US"},{"@type":"Organization","@id":"https:\/\/anchorshotel.com\/#organization","name":"Anchors Hotel","url":"https:\/\/anchorshotel.com\/","logo":{"@type":"ImageObject","inLanguage":"en-US","@id":"https:\/\/anchorshotel.com\/#\/schema\/logo\/image\/","url":"https:\/\/anchorshotel.com\/wp-content\/uploads\/2015\/09\/cropped-LOGO-ANCHORS-HOTEL.jpeg","contentUrl":"https:\/\/anchorshotel.com\/wp-content\/uploads\/2015\/09\/cropped-LOGO-ANCHORS-HOTEL.jpeg","width":512,"height":512,"caption":"Anchors Hotel"},"image":{"@id":"https:\/\/anchorshotel.com\/#\/schema\/logo\/image\/"},"sameAs":["https:\/\/www.facebook.com\/people\/Puerto-Chico-Bay-Hotel\/61575048971484\/"],"description":"Hotel boutique ofrece un ambiente moderno y relajante, con habitaciones cuidadosamente dise\u00f1adas que destacan por su ropa de cama blanca, espacios luminosos y televisores de pantalla plana para tu entretenimiento.","email":"pcbhotel@gmail.com","telephone":"(787) 900-7510"}]}},"_links":{"self":[{"href":"https:\/\/anchorshotel.com\/en\/wp-json\/wp\/v2\/pages\/3","targetHints":{"allow":["GET"]}}],"collection":[{"href":"https:\/\/anchorshotel.com\/en\/wp-json\/wp\/v2\/pages"}],"about":[{"href":"https:\/\/anchorshotel.com\/en\/wp-json\/wp\/v2\/types\/page"}],"author":[{"embeddable":true,"href":"https:\/\/anchorshotel.com\/en\/wp-json\/wp\/v2\/users\/1"}],"replies":[{"embeddable":true,"href":"https:\/\/anchorshotel.com\/en\/wp-json\/wp\/v2\/comments?post=3"}],"version-history":[{"count":4,"href":"https:\/\/anchorshotel.com\/en\/wp-json\/wp\/v2\/pages\/3\/revisions"}],"predecessor-version":[{"id":5475,"href":"https:\/\/anchorshotel.com\/en\/wp-json\/wp\/v2\/pages\/3\/revisions\/5475"}],"wp:attachment":[{"href":"https:\/\/anchorshotel.com\/en\/wp-json\/wp\/v2\/media?parent=3"}],"curies":[{"name":"wp","href":"https:\/\/api.w.org\/{rel}","templated":true}]}}