{"id":25,"date":"2025-05-28T12:06:23","date_gmt":"2025-05-28T16:06:23","guid":{"rendered":"https:\/\/anchorshotel.com\/hotel-term-condition\/"},"modified":"2025-06-23T18:56:16","modified_gmt":"2025-06-23T22:56:16","slug":"terminos-y-condiciones","status":"publish","type":"page","link":"https:\/\/anchorshotel.com\/en\/terminos-y-condiciones\/","title":{"rendered":"Terms and Conditions"},"content":{"rendered":"<div id=\"chakra-modal--body-:r4:\" class=\"chakra-modal__body d-1syu4m9\">\n<p class=\"chakra-text cb-text d-rzxrst\" data-be-text=\"true\"><b>\u00a0<u>TERMINOS Y CONDICIONES<br \/>\n<\/u><\/b><\/p>\n<div><b><br \/>\nPOLITICA DE RESERVACION, PAGO, CANCELACION Y REEMBOLSO<br \/>\n<\/b><\/div>\n<p class=\"chakra-text cb-text d-rzxrst\" data-be-text=\"true\">Como cliente potencial del Anchors Hotel, es de vital importancia para nosotros ganarnos su confianza. Esta es una responsabilidad que tomamos muy en serio todos los d\u00edas, raz\u00f3n por la cual les recomendamos leer el contenido de \u201cPol\u00edticas de Reservaci\u00f3n, Cancelaci\u00f3n y Reembolso\u201d bajo las cuales se rige nuestra empresa.<\/p>\n<p><b>I.\u00a0\u00a0\u00a0\u00a0\u00a0\u00a0\u00a0\u00a0<\/b><b>POLITICAS DE RESERVACION:<\/b>Todas las tarifas publicadas en nuestra p\u00e1gina <b><a href=\"https:\/\/anchorshotel.com\/en\/\">www.anchorshotel.com<\/a><\/b>\u00a0y redes sociales son tarifas rack. Es decir, sonlas tarifas m\u00e1ximas que se cobran por habitaci\u00f3n en cualquier periodo del a\u00f1o.Todas nuestras tarifas ya incluyen todos los cargos correspondientes, as\u00ed como el Impuesto al Hospedaje, de lo contrario se indica en cada promoci\u00f3n o en lasp\u00e1ginas electr\u00f3nicas.Todas las tarifas, promociones y descuentosest\u00e1n sujetos a cambios sin previo aviso. Por este motivo, es importante que las personas interesadas en reservar se comuniquen con uno de nuestros agentes de reservas v\u00eda telef\u00f3nica al <b>787-900-7510<\/b> o bien, a nuestro correo electr\u00f3nico\u00a0<a title=\"Link: null\" target=\"\" rel=\"\"><b>reservapuertochicobayhotel@gmail.com<\/b><\/a>, para recibir m\u00e1s informaci\u00f3n sobre tipos de habitaciones, precios, promociones del mes y descuentos (si aplican). \u00a0As\u00ed como para recibir indicaciones sobre c\u00f3mo puede realizar su pago. Adem\u00e1s, le haremos llegar este documento por correo electr\u00f3nico y cualquier otra informaci\u00f3n necesaria para que conozca nuestras pol\u00edticas.Todas las habitaciones est\u00e1n sujetas a disponibilidad a menos que el hu\u00e9sped haya garantizado su reservaci\u00f3n haciendo un dep\u00f3sito o pago v\u00eda telef\u00f3nica con tarjeta de cr\u00e9dito. Mientras dicho requisito NO HAYA SIDO CUMPLIDO, las habitaciones estar\u00e1n disponibles para su venta y los precios y\/o promociones estar\u00e1n sujetas a cambios sin previo aviso.<\/p>\n<p><b>II.\u00a0\u00a0\u00a0\u00a0\u00a0\u00a0\u00a0<\/b><b>POLITICA DE PAGO:\u00a0<\/b>Para garantizar una habitaci\u00f3n, las opcionesde pago son exclusivamente con tarjeta de cr\u00e9dito o d\u00e9bito (Visa o MasterCard, Discover). El pago de la estad\u00eda y de los servicios se realizan en d\u00f3lares americanos.Al recibir una solicitud, el hotel se reserva el derecho de pre-autorizar la tarjeta de cr\u00e9dito.\u00a0 Alrealizar una reserva, se considera que tiene pleno conocimiento de laspol\u00edticas, de pago, de rechazo y de cancelaci\u00f3n del hotel. Anchors Hotel se reserva el derecho de cancelar una reserva en caso de que nose disponga de datos de tarjeta de cr\u00e9dito v\u00e1lidos. Para que la reservaci\u00f3n sea v\u00e1lida deber\u00e1 recibir un correo del hotel confirm\u00e1ndola. De no recibirlos en 48 horas antes, debe comunicarse con el hotel para obtener confirmaci\u00f3n.\u00a0 Posteriormente, uno de nuestros representantes se pondr\u00e1 en contacto con usted, ya sea v\u00eda telef\u00f3nica o por correo electr\u00f3nico para confirmar que la transacci\u00f3n fue completada. S\u00f3lo se consideran GARANTIZADAS las reservaciones cuyo cargo haya sido pagado. Le recomendamos a todas las personas interesadas en reservar habitaciones que lean con especial cuidado la secci\u00f3n correspondiente a Pol\u00edticas de Cancelaci\u00f3n ANTES de proceder a reservar su habitaci\u00f3n.<\/p>\n<p><b>III.\u00a0\u00a0\u00a0\u00a0\u00a0\u00a0\u00a0\u00a0\u00a0\u00a0\u00a0<\/b><b>NOTASIMPORTANTES:\u00a0<\/b>Al completarse el proceso de reservaci\u00f3n, tanto el hu\u00e9sped como \u00abAnchors Hotel\u00bb se comprometen a cumplir con el reglamento del hotel; as\u00ed como a respetar y actuar en conformidad con lo expresado en nuestras Pol\u00edticas de Reservaci\u00f3n, y Cancelaci\u00f3n, las Pol\u00edticas del Hotel y la Pol\u00edtica de \u201cPet Friendly\u201d. Anchors Hotel se deslinda de responsabilidades en el supuesto caso de que se presenten malentendidos por parte del hu\u00e9sped causados porque este \u00faltimo haya omitido leer con detenimiento estos documentos. Esta es informaci\u00f3n detallada que tambi\u00e9n, proporcionamos a todos los hu\u00e9spedes en el momento que se les confirma su reservaci\u00f3n.Para evitar dificultades, por favor guarde una copia de su reserva para presentarla a su llegada al hotel. Ni\u00f1os hasta11 a\u00f1os se hospedan sin cargo compartiendo la cama existente en la habitaci\u00f3n o en cama supletoria (si est\u00e1 disponible en la habitaci\u00f3n reservada). Ni\u00f1os mayores de 12 a\u00f1os cuentan como un adulto. Se har\u00e1 un cargo de $150.00 al momento del check-in como dep\u00f3sito, con el prop\u00f3sito decubrir los costos relacionado a da\u00f1os a la propiedad, robo, perdidas u otros ocasionados por el hu\u00e9sped y sus invitados. Este dep\u00f3sito ser\u00e1 devuelto al hu\u00e9sped 24 horas posterior a su salidadel hotel utilizando el mismo m\u00e9todo de pago que se utiliz\u00f3 al momento de su cobro.<\/p>\n<p><b>IV.\u00a0\u00a0\u00a0\u00a0\u00a0\u00a0\u00a0\u00a0\u00a0\u00a0\u00a0<\/b><b>RESERVACIONESREALIZADAS A TRAV\u00c9S DE AGENCIAS DE VIAJE o INTERNET:\u00a0<\/b>En el caso de reservaciones hechas a trav\u00e9s de agencias de viajes tales como <i>Booking.com, Expedia.com, Hotels.com<\/i>, etc.; el hu\u00e9sped deber\u00e1 entregar al recepcionista el comprobante impreso correspondiente a su reservaci\u00f3n. Al momento de efectuar su reservaci\u00f3n, deber\u00e1 asegurarse de conocer las pol\u00edticas de cancelaci\u00f3n que les provee la misma plataforma electr\u00f3nica.<\/p>\n<p><b>V.\u00a0\u00a0\u00a0\u00a0\u00a0\u00a0\u00a0\u00a0\u00a0\u00a0\u00a0\u00a0<\/b><b>POLITICADE CANCELACION:<\/b><b><\/b><\/p>\n<blockquote><p>1.\u00a0\u00a0\u00a0\u00a0\u00a0\u00a0\u00a0USTED RESERV\u00d3 POR MEDIO DE UNA AGENCIA DE VIAJE:\u00a0Si usted desea modificar o cancelar la reservaci\u00f3n que usted realiz\u00f3 por medio de una agencia de viaje tal como <i>Booking.com, Expedia.com, Hotels.com<\/i>, etc. favor de ponerse en contacto con ellos al tel\u00e9fono de Servicio al cliente que le hayan proporcionado al momento de hacer su reservaci\u00f3n.\u00a0 Las pol\u00edticas de cancelaci\u00f3n depender\u00e1n del tipo de reserva que realiz\u00f3 y ellos le proveer\u00e1n la ayuda que necesitan.<\/p><\/blockquote>\n<blockquote><p>2.\u00a0\u00a0\u00a0\u00a0\u00a0\u00a0\u00a0USTEDRESERV\u00d3 DIRECTAMENTE CON ANCHORS HOTEL: Si usted desea modificar o cancelar su reservaci\u00f3n comun\u00edquese inmediatamente con uno de nuestros agentes de reservas, ya sea v\u00eda telef\u00f3nica o por correo electr\u00f3nico. Le sugerimos consultar la secci\u00f3n correspondiente a Pol\u00edticas de Cancelaci\u00f3n de Anchors Hotel antes de ponerse en contacto con nosotros.<\/p><\/blockquote>\n<p class=\"chakra-text cb-text d-rzxrst\" data-be-text=\"true\"><b>ACONTINUACI\u00d3N, SE DESCRIBEN NUESTRAS POL\u00cdTICAS GENERALES DE CANCELACI\u00d3N:<br \/>\n<\/b><\/p>\n<blockquote><p>a.\u00a0\u00a0\u00a0\u00a0\u00a0\u00a0\u00a0En el caso de reservas No Reembolsables, el monto total de la reserva ser\u00e1 debitado autom\u00e1ticamente al momento de confirmar la reserva. No se permiten cambios\/ modificaci\u00f3n de las fechas o cancelaciones.<\/p><\/blockquote>\n<blockquote><p>b.\u00a0\u00a0\u00a0\u00a0\u00a0\u00a0\u00a0Las reservaciones flexibles canceladas por lo menos 5 d\u00edas antes de la fecha de llegada de la reservaci\u00f3n estar\u00e1n exentas de cargos siempre y cuando el pago haya sido realizado. Todo reembolso se realizar\u00e1 v\u00eda dep\u00f3sito a la tarjeta bancaria utilizada para hacer el pago. Sin embargo, el cliente tambi\u00e9n tiene la opci\u00f3n de modificar la fecha de su reservaci\u00f3n SIN SUFRIR PENALIZACIONES siempre y cuando, se comunique con nosotros v\u00eda telef\u00f3nica o por correo electr\u00f3nico PORLO MENOS SEIS DIAS ANTES DE LA FECHA EN LA QUE ESTABA ORIGINALMENTE PROGRAMADA SU RESERVACI\u00d3N para que podamos hacer los cambios pertinentes. Toda cancelaci\u00f3n o modificaci\u00f3n deber\u00e1 estar confirmada por el hotel v\u00eda electr\u00f3nica para que esta se considere v\u00e1lida. *Cambios en el precio de la habitaci\u00f3n pueden variar.\u00a0 **Aplican restricciones. ***Sujeto a disponibilidad.<\/p><\/blockquote>\n<blockquote><p>c.\u00a0\u00a0\u00a0\u00a0\u00a0\u00a0\u00a0Las reservaciones canceladas despu\u00e9s de los 5 d\u00edas previos a la fecha de llegada desu reservaci\u00f3n se har\u00e1n acreedoras a una penalidad equivalente al 100% del importe total de la reserva.<\/p><\/blockquote>\n<blockquote><p>d.\u00a0\u00a0\u00a0\u00a0\u00a0\u00a0\u00a0Todas las reservaciones que NO HAYAN SIDO CANCELADAS CON ANTICIPACI\u00d3N (NO SHOWS) se har\u00e1n acreedoras a un cargo equivalenteal 100% del costo total de la reservaci\u00f3n, SIN DERECHO A MODIFICAR LA FECHA ENSU RESERVACI\u00d3N.<\/p><\/blockquote>\n<blockquote><p>e.\u00a0\u00a0\u00a0\u00a0\u00a0\u00a0\u00a0El costo de la reservaci\u00f3n no es trasferible a otras personas. La persona que hace la reservaci\u00f3n debe presentarse durante el \u201ccheck-in\u201d para poder tener acceso a su reservaci\u00f3n.<\/p><\/blockquote>\n<p class=\"chakra-text cb-text d-rzxrst\" data-be-text=\"true\"><b>Notas importantes:\u00a0<\/b>Todas las modificaciones relacionadas con cambio de fechas, tipo de habitaci\u00f3n o n\u00famero de habitaciones deber\u00e1n solicitarse con anticipaci\u00f3n, reconociendo que se le adjudicar\u00e1 las pol\u00edticas de cancelaci\u00f3n que aplique. La nueva fecha de reservaci\u00f3n no deber\u00e1 exceder los 3 meses posteriores a la fecha originalmente reservada y no podr\u00e1 modificarse m\u00e1s de una ocasi\u00f3n.Todo cambio estar\u00e1 sujeto a disponibilidad. Verifique con nuestros agentes si hay habitaciones disponibles para la fecha que a usted le interesa y si el costo de la habitaci\u00f3n cambia. No aplica en temporada alta, d\u00edas festivos y fines de semana.<\/p>\n<p class=\"chakra-text cb-text d-rzxrst\" data-be-text=\"true\"><b>POLITICA DE REEMBOLSO:<br \/>\n<\/b><br \/>\nSolo se proceder\u00e1 a realizar un reembolso cuando se trate de errores atribuibles a Anchors Hotel y queser\u00edan los siguientes casos:<\/p>\n<blockquote><p>a.\u00a0\u00a0\u00a0\u00a0\u00a0\u00a0\u00a0Cuandose haya realizado un cargo superior al cargo que corresponder\u00eda al tipo de habitaci\u00f3n que el hu\u00e9sped haya reservado.<\/p><\/blockquote>\n<blockquote><p>b.\u00a0\u00a0\u00a0\u00a0\u00a0\u00a0\u00a0Cuando el n\u00famero de noches facturadas al hu\u00e9sped exceda el n\u00famero de noches que el hu\u00e9sped reserv\u00f3.<\/p><\/blockquote>\n<blockquote><p>c.\u00a0\u00a0\u00a0\u00a0\u00a0\u00a0\u00a0Cuando en apego a las Pol\u00edticas de Cancelaci\u00f3n de Anchors Hotel el hu\u00e9sped sea acreedor a recibir alg\u00fan reembolso.<\/p><\/blockquote>\n<blockquote><p>d.\u00a0\u00a0\u00a0\u00a0\u00a0\u00a0\u00a0TODO reembolso se realizar\u00e1 exclusivamente por medio de un dep\u00f3sito a la tarjeta bancaria utilizada para hacer la reservaci\u00f3n. NO SE HARAN REEMBOLSOS ENEFECTIVO.<\/p><\/blockquote>\n<blockquote><p>e.\u00a0\u00a0\u00a0\u00a0\u00a0\u00a0\u00a0Los reembolsos pueden tomar de 5 a 15 d\u00edas antes de verse reflejados en el estado de cuenta del cliente. De no ser as\u00ed, favor de comunicarse con nuestro departamento de contabilidad para verificar el estatus de su reembolso.<\/p><\/blockquote>\n<\/div>","protected":false},"excerpt":{"rendered":"<p>\u00a0TERMINOS Y CONDICIONES POLITICA DE RESERVACION, PAGO, CANCELACION Y REEMBOLSO Como cliente potencial del Anchors Hotel, es de vital importancia para nosotros ganarnos su confianza. Esta es una responsabilidad que tomamos muy en serio todos los d\u00edas, raz\u00f3n por la cual les recomendamos leer el contenido de \u201cPol\u00edticas de Reservaci\u00f3n, Cancelaci\u00f3n y Reembolso\u201d bajo las [&hellip;]<\/p>\n","protected":false},"author":1,"featured_media":0,"parent":0,"menu_order":0,"comment_status":"closed","ping_status":"closed","template":"","meta":{"footnotes":""},"class_list":["post-25","page","type-page","status-publish","hentry"],"yoast_head":"<!-- This site is optimized with the Yoast SEO Premium plugin v22.9 (Yoast SEO v27.4) - https:\/\/yoast.com\/product\/yoast-seo-premium-wordpress\/ -->\n<title>T\u00e9rminos y Condiciones - Anchors Hotel<\/title>\n<meta name=\"robots\" content=\"index, follow, max-snippet:-1, max-image-preview:large, max-video-preview:-1\" \/>\n<link rel=\"canonical\" href=\"https:\/\/anchorshotel.com\/en\/terminos-y-condiciones\/\" \/>\n<meta property=\"og:locale\" content=\"en_US\" \/>\n<meta property=\"og:type\" content=\"article\" \/>\n<meta property=\"og:title\" content=\"T\u00e9rminos y Condiciones\" \/>\n<meta property=\"og:description\" content=\"\u00a0TERMINOS Y CONDICIONES POLITICA DE RESERVACION, PAGO, CANCELACION Y REEMBOLSO Como cliente potencial del Anchors Hotel, es de vital importancia para nosotros ganarnos su confianza. Esta es una responsabilidad que tomamos muy en serio todos los d\u00edas, raz\u00f3n por la cual les recomendamos leer el contenido de \u201cPol\u00edticas de Reservaci\u00f3n, Cancelaci\u00f3n y Reembolso\u201d bajo las [&hellip;]\" \/>\n<meta property=\"og:url\" content=\"https:\/\/anchorshotel.com\/en\/terminos-y-condiciones\/\" \/>\n<meta property=\"og:site_name\" content=\"Anchors Hotel\" \/>\n<meta property=\"article:publisher\" content=\"https:\/\/www.facebook.com\/people\/Puerto-Chico-Bay-Hotel\/61575048971484\/\" \/>\n<meta property=\"article:modified_time\" content=\"2025-06-23T22:56:16+00:00\" \/>\n<meta property=\"og:image\" content=\"https:\/\/anchorshotel.com\/wp-content\/uploads\/2015\/09\/LOGO-ANCHORS-HOTEL.jpeg\" \/>\n\t<meta property=\"og:image:width\" content=\"1024\" \/>\n\t<meta property=\"og:image:height\" content=\"1024\" \/>\n\t<meta property=\"og:image:type\" content=\"image\/jpeg\" \/>\n<meta name=\"twitter:card\" content=\"summary_large_image\" \/>\n<meta name=\"twitter:label1\" content=\"Est. reading time\" \/>\n\t<meta name=\"twitter:data1\" content=\"4 minutes\" \/>\n<script type=\"application\/ld+json\" class=\"yoast-schema-graph\">{\"@context\":\"https:\\\/\\\/schema.org\",\"@graph\":[{\"@type\":\"WebPage\",\"@id\":\"https:\\\/\\\/anchorshotel.com\\\/terminos-y-condiciones\\\/\",\"url\":\"https:\\\/\\\/anchorshotel.com\\\/terminos-y-condiciones\\\/\",\"name\":\"T\u00e9rminos y Condiciones - Anchors Hotel\",\"isPartOf\":{\"@id\":\"https:\\\/\\\/anchorshotel.com\\\/#website\"},\"datePublished\":\"2025-05-28T16:06:23+00:00\",\"dateModified\":\"2025-06-23T22:56:16+00:00\",\"breadcrumb\":{\"@id\":\"https:\\\/\\\/anchorshotel.com\\\/terminos-y-condiciones\\\/#breadcrumb\"},\"inLanguage\":\"en-US\",\"potentialAction\":[{\"@type\":\"ReadAction\",\"target\":[\"https:\\\/\\\/anchorshotel.com\\\/terminos-y-condiciones\\\/\"]}]},{\"@type\":\"BreadcrumbList\",\"@id\":\"https:\\\/\\\/anchorshotel.com\\\/terminos-y-condiciones\\\/#breadcrumb\",\"itemListElement\":[{\"@type\":\"ListItem\",\"position\":1,\"name\":\"Portada\",\"item\":\"https:\\\/\\\/anchorshotel.com\\\/\"},{\"@type\":\"ListItem\",\"position\":2,\"name\":\"T\u00e9rminos y Condiciones\"}]},{\"@type\":\"WebSite\",\"@id\":\"https:\\\/\\\/anchorshotel.com\\\/#website\",\"url\":\"https:\\\/\\\/anchorshotel.com\\\/\",\"name\":\"Anchors Hotel\",\"description\":\"Hotel boutique ofrece un ambiente moderno y relajante, con habitaciones cuidadosamente dise\u00f1adas que destacan por su ropa de cama blanca, espacios luminosos y televisores de pantalla plana para tu entretenimiento.\",\"publisher\":{\"@id\":\"https:\\\/\\\/anchorshotel.com\\\/#organization\"},\"potentialAction\":[{\"@type\":\"SearchAction\",\"target\":{\"@type\":\"EntryPoint\",\"urlTemplate\":\"https:\\\/\\\/anchorshotel.com\\\/?s={search_term_string}\"},\"query-input\":{\"@type\":\"PropertyValueSpecification\",\"valueRequired\":true,\"valueName\":\"search_term_string\"}}],\"inLanguage\":\"en-US\"},{\"@type\":\"Organization\",\"@id\":\"https:\\\/\\\/anchorshotel.com\\\/#organization\",\"name\":\"Anchors Hotel\",\"url\":\"https:\\\/\\\/anchorshotel.com\\\/\",\"logo\":{\"@type\":\"ImageObject\",\"inLanguage\":\"en-US\",\"@id\":\"https:\\\/\\\/anchorshotel.com\\\/#\\\/schema\\\/logo\\\/image\\\/\",\"url\":\"https:\\\/\\\/anchorshotel.com\\\/wp-content\\\/uploads\\\/2015\\\/09\\\/cropped-LOGO-ANCHORS-HOTEL.jpeg\",\"contentUrl\":\"https:\\\/\\\/anchorshotel.com\\\/wp-content\\\/uploads\\\/2015\\\/09\\\/cropped-LOGO-ANCHORS-HOTEL.jpeg\",\"width\":512,\"height\":512,\"caption\":\"Anchors Hotel\"},\"image\":{\"@id\":\"https:\\\/\\\/anchorshotel.com\\\/#\\\/schema\\\/logo\\\/image\\\/\"},\"sameAs\":[\"https:\\\/\\\/www.facebook.com\\\/people\\\/Puerto-Chico-Bay-Hotel\\\/61575048971484\\\/\"],\"description\":\"Hotel boutique ofrece un ambiente moderno y relajante, con habitaciones cuidadosamente dise\u00f1adas que destacan por su ropa de cama blanca, espacios luminosos y televisores de pantalla plana para tu entretenimiento.\",\"email\":\"pcbhotel@gmail.com\",\"telephone\":\"(787) 900-7510\"}]}<\/script>\n<!-- \/ Yoast SEO Premium plugin. -->","yoast_head_json":{"title":"T\u00e9rminos y Condiciones - Anchors Hotel","robots":{"index":"index","follow":"follow","max-snippet":"max-snippet:-1","max-image-preview":"max-image-preview:large","max-video-preview":"max-video-preview:-1"},"canonical":"https:\/\/anchorshotel.com\/en\/terminos-y-condiciones\/","og_locale":"en_US","og_type":"article","og_title":"T\u00e9rminos y Condiciones","og_description":"\u00a0TERMINOS Y CONDICIONES POLITICA DE RESERVACION, PAGO, CANCELACION Y REEMBOLSO Como cliente potencial del Anchors Hotel, es de vital importancia para nosotros ganarnos su confianza. Esta es una responsabilidad que tomamos muy en serio todos los d\u00edas, raz\u00f3n por la cual les recomendamos leer el contenido de \u201cPol\u00edticas de Reservaci\u00f3n, Cancelaci\u00f3n y Reembolso\u201d bajo las [&hellip;]","og_url":"https:\/\/anchorshotel.com\/en\/terminos-y-condiciones\/","og_site_name":"Anchors Hotel","article_publisher":"https:\/\/www.facebook.com\/people\/Puerto-Chico-Bay-Hotel\/61575048971484\/","article_modified_time":"2025-06-23T22:56:16+00:00","og_image":[{"width":1024,"height":1024,"url":"https:\/\/anchorshotel.com\/wp-content\/uploads\/2015\/09\/LOGO-ANCHORS-HOTEL.jpeg","type":"image\/jpeg"}],"twitter_card":"summary_large_image","twitter_misc":{"Est. reading time":"4 minutes"},"schema":{"@context":"https:\/\/schema.org","@graph":[{"@type":"WebPage","@id":"https:\/\/anchorshotel.com\/terminos-y-condiciones\/","url":"https:\/\/anchorshotel.com\/terminos-y-condiciones\/","name":"T\u00e9rminos y Condiciones - Anchors Hotel","isPartOf":{"@id":"https:\/\/anchorshotel.com\/#website"},"datePublished":"2025-05-28T16:06:23+00:00","dateModified":"2025-06-23T22:56:16+00:00","breadcrumb":{"@id":"https:\/\/anchorshotel.com\/terminos-y-condiciones\/#breadcrumb"},"inLanguage":"en-US","potentialAction":[{"@type":"ReadAction","target":["https:\/\/anchorshotel.com\/terminos-y-condiciones\/"]}]},{"@type":"BreadcrumbList","@id":"https:\/\/anchorshotel.com\/terminos-y-condiciones\/#breadcrumb","itemListElement":[{"@type":"ListItem","position":1,"name":"Portada","item":"https:\/\/anchorshotel.com\/"},{"@type":"ListItem","position":2,"name":"T\u00e9rminos y Condiciones"}]},{"@type":"WebSite","@id":"https:\/\/anchorshotel.com\/#website","url":"https:\/\/anchorshotel.com\/","name":"Anchors Hotel","description":"Hotel boutique ofrece un ambiente moderno y relajante, con habitaciones cuidadosamente dise\u00f1adas que destacan por su ropa de cama blanca, espacios luminosos y televisores de pantalla plana para tu entretenimiento.","publisher":{"@id":"https:\/\/anchorshotel.com\/#organization"},"potentialAction":[{"@type":"SearchAction","target":{"@type":"EntryPoint","urlTemplate":"https:\/\/anchorshotel.com\/?s={search_term_string}"},"query-input":{"@type":"PropertyValueSpecification","valueRequired":true,"valueName":"search_term_string"}}],"inLanguage":"en-US"},{"@type":"Organization","@id":"https:\/\/anchorshotel.com\/#organization","name":"Anchors Hotel","url":"https:\/\/anchorshotel.com\/","logo":{"@type":"ImageObject","inLanguage":"en-US","@id":"https:\/\/anchorshotel.com\/#\/schema\/logo\/image\/","url":"https:\/\/anchorshotel.com\/wp-content\/uploads\/2015\/09\/cropped-LOGO-ANCHORS-HOTEL.jpeg","contentUrl":"https:\/\/anchorshotel.com\/wp-content\/uploads\/2015\/09\/cropped-LOGO-ANCHORS-HOTEL.jpeg","width":512,"height":512,"caption":"Anchors Hotel"},"image":{"@id":"https:\/\/anchorshotel.com\/#\/schema\/logo\/image\/"},"sameAs":["https:\/\/www.facebook.com\/people\/Puerto-Chico-Bay-Hotel\/61575048971484\/"],"description":"Hotel boutique ofrece un ambiente moderno y relajante, con habitaciones cuidadosamente dise\u00f1adas que destacan por su ropa de cama blanca, espacios luminosos y televisores de pantalla plana para tu entretenimiento.","email":"pcbhotel@gmail.com","telephone":"(787) 900-7510"}]}},"_links":{"self":[{"href":"https:\/\/anchorshotel.com\/en\/wp-json\/wp\/v2\/pages\/25","targetHints":{"allow":["GET"]}}],"collection":[{"href":"https:\/\/anchorshotel.com\/en\/wp-json\/wp\/v2\/pages"}],"about":[{"href":"https:\/\/anchorshotel.com\/en\/wp-json\/wp\/v2\/types\/page"}],"author":[{"embeddable":true,"href":"https:\/\/anchorshotel.com\/en\/wp-json\/wp\/v2\/users\/1"}],"replies":[{"embeddable":true,"href":"https:\/\/anchorshotel.com\/en\/wp-json\/wp\/v2\/comments?post=25"}],"version-history":[{"count":3,"href":"https:\/\/anchorshotel.com\/en\/wp-json\/wp\/v2\/pages\/25\/revisions"}],"predecessor-version":[{"id":5477,"href":"https:\/\/anchorshotel.com\/en\/wp-json\/wp\/v2\/pages\/25\/revisions\/5477"}],"wp:attachment":[{"href":"https:\/\/anchorshotel.com\/en\/wp-json\/wp\/v2\/media?parent=25"}],"curies":[{"name":"wp","href":"https:\/\/api.w.org\/{rel}","templated":true}]}}